{"id":194,"date":"2025-01-01T08:31:26","date_gmt":"2025-01-01T11:31:26","guid":{"rendered":"http:\/\/wagnersalvi.eti.br\/?page_id=194"},"modified":"2025-01-15T23:16:25","modified_gmt":"2025-01-16T02:16:25","slug":"quem-sou","status":"publish","type":"page","link":"http:\/\/www.wagnersalvi.com.br\/?page_id=194","title":{"rendered":"Quem sou?"},"content":{"rendered":"\n<div class=\"wp-block-columns are-vertically-aligned-center is-layout-flex wp-container-core-columns-is-layout-1 wp-block-columns-is-layout-flex\">\n<div class=\"wp-block-column is-vertically-aligned-center is-layout-flow wp-block-column-is-layout-flow\" style=\"flex-basis:66.66%\">\n<p><strong>Wagner Perd\u00e3o Salvi<\/strong><br><strong>Data de Nascimento:<\/strong> 22\/02\/1981<br><strong>Naturalidade:<\/strong> Mau\u00e1 \u2013 SP<br><strong>Resid\u00eancia:<\/strong> Santo Andr\u00e9 \u2013 SP<br><strong>Profiss\u00e3o:<\/strong> Micro Empres\u00e1rio \/ Gerente de Desenvolvimento \/ Analista de Sistemas<\/p>\n<\/div>\n\n\n\n<div class=\"wp-block-column is-vertically-aligned-center is-layout-flow wp-block-column-is-layout-flow\" style=\"flex-basis:33.33%\">\n<figure class=\"wp-block-image alignright size-full is-resized\"><img loading=\"lazy\" decoding=\"async\" width=\"512\" height=\"512\" src=\"http:\/\/wagnersalvi.eti.br\/wp-content\/uploads\/2024\/12\/cropped-Logo-Empresa.png\" alt=\"\" class=\"wp-image-99\" style=\"width:155px;height:auto\" srcset=\"http:\/\/www.wagnersalvi.com.br\/wp-content\/uploads\/2024\/12\/cropped-Logo-Empresa.png 512w, http:\/\/www.wagnersalvi.com.br\/wp-content\/uploads\/2024\/12\/cropped-Logo-Empresa-300x300.png 300w, http:\/\/www.wagnersalvi.com.br\/wp-content\/uploads\/2024\/12\/cropped-Logo-Empresa-150x150.png 150w, http:\/\/www.wagnersalvi.com.br\/wp-content\/uploads\/2024\/12\/cropped-Logo-Empresa-270x270.png 270w, http:\/\/www.wagnersalvi.com.br\/wp-content\/uploads\/2024\/12\/cropped-Logo-Empresa-192x192.png 192w, http:\/\/www.wagnersalvi.com.br\/wp-content\/uploads\/2024\/12\/cropped-Logo-Empresa-180x180.png 180w, http:\/\/www.wagnersalvi.com.br\/wp-content\/uploads\/2024\/12\/cropped-Logo-Empresa-32x32.png 32w\" sizes=\"auto, (max-width: 512px) 100vw, 512px\" \/><\/figure>\n<\/div>\n<\/div>\n\n\n\n<hr class=\"wp-block-separator has-alpha-channel-opacity\"\/>\n\n\n\n<p><strong>Perfil Profissional<\/strong><br>Sou um profissional s\u00eanior em desenvolvimento de software, com mais de 20 anos de experi\u00eancia voltada para sistemas ERP e integra\u00e7\u00e3o de solu\u00e7\u00f5es tecnol\u00f3gicas. Atuo como gerente de desenvolvimento e analista de sistemas, liderando equipes, gerenciando prazos e definindo arquiteturas de solu\u00e7\u00f5es.<br>Desde 2020, concentrei esfor\u00e7os no desenvolvimento de projetos envolvendo tecnologias IoT, utilizando linguagens como <strong>Python<\/strong>, <strong>.NET Core<\/strong>, e se utilizando <strong>Raspberry Pi<\/strong> como base para solu\u00e7\u00f5es inovadoras em automa\u00e7\u00e3o e controle residencial onde surgiu a WPS Knowledge Solutions.<\/p>\n\n\n\n<p><strong>Experi\u00eancia Profissional<\/strong><\/p>\n\n\n\n<ul class=\"wp-block-list\">\n<li><strong>Desenvolvimento de Software:<\/strong> S\u00f3lida experi\u00eancia em linguagens como  <strong>C#<\/strong>, <strong>Delphi<\/strong>, <strong>PL\/SQL<\/strong>, <strong>Python<\/strong>,  <strong>JavaScript<\/strong> , com projetos que incluem integra\u00e7\u00f5es IoT, interfaces web e solu\u00e7\u00f5es m\u00f3veis. Adicionalmente conhecimento em <strong>Java, Clipper, Progress, Cobol<\/strong><\/li>\n\n\n\n<li><strong>Banco de Dados:<\/strong> Profici\u00eancia em <strong>Oracle<\/strong>, <strong>SQL Server<\/strong>, <strong>MySQL<\/strong> e <strong>Progress<\/strong>.<\/li>\n\n\n\n<li><strong>Gest\u00e3o de Desenvolvimento:<\/strong> Experi\u00eancia com ferramentas como <strong>Team Foundation Server<\/strong> e <strong>GitHub<\/strong>, focando em controle de versionamento e gest\u00e3o de projetos de desenvolvimento.<\/li>\n\n\n\n<li><strong>Projetos Recentes:<\/strong> Desde 2020, desenvolvo um sistema pr\u00f3prio de integra\u00e7\u00e3o para automa\u00e7\u00e3o \/ monitora\u00e7\u00e3o residencial, incluindo APIs em <strong>ASP.NET Core<\/strong>, aplicativos m\u00f3veis em <strong>.NET MAUI<\/strong> e hospedagem em:\n<ul class=\"wp-block-list\">\n<li><a href=\"https:\/\/www.wpssoftware.com.br\/\">WPS Administrativo<\/a> &#8211; \u00c1rea Administrativa das solu\u00e7\u00f5es abaixo<\/li>\n\n\n\n<li><a href=\"https:\/\/monitor.wpssoftware.com.br\/\">WPS Monitor Place<\/a> &#8211; Aplica\u00e7\u00e3o referente a automa\u00e7\u00e3o \/ monitora\u00e7\u00e3o residencial recebendo dados do RaspBerry<\/li>\n\n\n\n<li><a href=\"http:\/\/finance.wpssoftware.com.br\/\">WPS Minhas Finan\u00e7as<\/a> &#8211; Aplica\u00e7\u00e3o Financeira para Uso Pessoal (em desenvolvimento)<\/li>\n\n\n\n<li><a href=\"http:\/\/route.wpssoftware.com.br\/\">WPS Rota F\u00e1cil<\/a> &#8211; Aplica\u00e7\u00e3o modelo para c\u00e1lculo de melhor rota usando m\u00e9tricas como Dist\u00e2ncia, Custo e Tempo<\/li>\n\n\n\n<li>Aplica\u00e7\u00f5es em Net.Maui na <a href=\"https:\/\/play.google.com\/store\/apps\/developer?id=WPS+Knowledge+Solutions\">Google Play<\/a> referente as aplica\u00e7\u00f5es Monitor Place e Minhas Finan\u00e7as (em desenvolvimento)<\/li>\n<\/ul>\n<\/li>\n<\/ul>\n\n\n\n<p><strong>Forma\u00e7\u00e3o Acad\u00eamica<\/strong><\/p>\n\n\n\n<ul class=\"wp-block-list\">\n<li><strong>P\u00f3s-gradua\u00e7\u00e3o:<\/strong> MBA em Sistemas de Informa\u00e7\u00e3o pela Universidade de S\u00e3o Caetano do Sul.<\/li>\n\n\n\n<li><strong>Gradua\u00e7\u00e3o:<\/strong> Bacharelado em Ci\u00eancias da Computa\u00e7\u00e3o pela Universidade de S\u00e3o Caetano do Sul.<\/li>\n\n\n\n<li><strong>Curso T\u00e9cnico:<\/strong> Processamento de Dados pelo Col\u00e9gio Bar\u00e3o de Mau\u00e1.<\/li>\n<\/ul>\n\n\n\n<p><strong>Habilidades T\u00e9cnicas<\/strong><\/p>\n\n\n\n<ul class=\"wp-block-list\">\n<li><strong>Linguagens de Programa\u00e7\u00e3o:<\/strong>\n<ul class=\"wp-block-list\">\n<li>Delphi, C# (.NET MAUI, WPF, ASP.NET Core), Python, Java, JavaScript, Cobol, Clipper, Progress, PL\/SQL.<\/li>\n<\/ul>\n<\/li>\n\n\n\n<li><strong>Desenvolvimento Frontend:<\/strong> HTML, CSS, JavaScript.<\/li>\n\n\n\n<li><strong>Banco de Dados Relacionais:<\/strong> Oracle, SQL Server, MySQL, Progress.<\/li>\n\n\n\n<li><strong>Gest\u00e3o de Software:<\/strong> Team Foundation Server, GitHub.<\/li>\n\n\n\n<li><strong>Outros Conhecimentos:<\/strong>\n<ul class=\"wp-block-list\">\n<li>Tributa\u00e7\u00e3o para implementa\u00e7\u00e3o em software.<\/li>\n\n\n\n<li>An\u00e1lise e levantamento de requisitos.<\/li>\n\n\n\n<li>Manuten\u00e7\u00e3o de computadores e sistemas operacionais.<\/li>\n\n\n\n<li>Ferramentas de editora\u00e7\u00e3o gr\u00e1fica: CorelDRAW e Photoshop.<\/li>\n\n\n\n<li>Idiomas: Ingl\u00eas e Espanhol em n\u00edvel intermedi\u00e1rio.<\/li>\n<\/ul>\n<\/li>\n<\/ul>\n\n\n\n<p><strong>Contato<\/strong><br>Email: wagner@wagnersalvi.com.br<\/p>\n\n\n\n<ul class=\"wp-block-social-links is-layout-flex wp-block-social-links-is-layout-flex\"><li class=\"wp-social-link wp-social-link-gravatar  wp-block-social-link\"><a rel=\"me\" href=\"https:\/\/gravatar.com\/wagnerd147856118\" class=\"wp-block-social-link-anchor\"><svg width=\"24\" height=\"24\" viewBox=\"0 0 24 24\" version=\"1.1\" xmlns=\"http:\/\/www.w3.org\/2000\/svg\" aria-hidden=\"true\" focusable=\"false\"><path d=\"M10.8001 4.69937V10.6494C10.8001 11.1001 10.9791 11.5323 11.2978 11.851C11.6165 12.1697 12.0487 12.3487 12.4994 12.3487C12.9501 12.3487 13.3824 12.1697 13.7011 11.851C14.0198 11.5323 14.1988 11.1001 14.1988 10.6494V6.69089C15.2418 7.05861 16.1371 7.75537 16.7496 8.67617C17.3622 9.59698 17.6589 10.6919 17.595 11.796C17.5311 12.9001 17.1101 13.9535 16.3954 14.7975C15.6807 15.6415 14.711 16.2303 13.6325 16.4753C12.5541 16.7202 11.4252 16.608 10.4161 16.1555C9.40691 15.703 8.57217 14.9348 8.03763 13.9667C7.50308 12.9985 7.29769 11.8828 7.45242 10.7877C7.60714 9.69266 8.11359 8.67755 8.89545 7.89537C9.20904 7.57521 9.38364 7.14426 9.38132 6.69611C9.37899 6.24797 9.19994 5.81884 8.88305 5.50195C8.56616 5.18506 8.13704 5.00601 7.68889 5.00369C7.24075 5.00137 6.80979 5.17597 6.48964 5.48956C5.09907 6.8801 4.23369 8.7098 4.04094 10.6669C3.84819 12.624 4.34 14.5873 5.43257 16.2224C6.52515 17.8575 8.15088 19.0632 10.0328 19.634C11.9146 20.2049 13.9362 20.1055 15.753 19.3529C17.5699 18.6003 19.0695 17.241 19.9965 15.5066C20.9234 13.7722 21.2203 11.7701 20.8366 9.84133C20.4528 7.91259 19.4122 6.17658 17.892 4.92911C16.3717 3.68163 14.466 2.99987 12.4994 3C12.0487 3 11.6165 3.17904 11.2978 3.49773C10.9791 3.81643 10.8001 4.24867 10.8001 4.69937Z\" \/><\/svg><span class=\"wp-block-social-link-label screen-reader-text\">Gravatar<\/span><\/a><\/li><\/ul>\n<p>Views: 13<\/p>","protected":false},"excerpt":{"rendered":"<p>Wagner Perd\u00e3o SalviData de Nascimento: 22\/02\/1981Naturalidade: Mau\u00e1 \u2013 SPResid\u00eancia: Santo Andr\u00e9 \u2013 SPProfiss\u00e3o: Micro Empres\u00e1rio \/ Gerente de Desenvolvimento \/ [&hellip;]<\/p>\n","protected":false},"author":1,"featured_media":0,"parent":0,"menu_order":0,"comment_status":"closed","ping_status":"closed","template":"","meta":{"site-sidebar-layout":"default","site-content-layout":"","ast-site-content-layout":"default","site-content-style":"default","site-sidebar-style":"default","ast-global-header-display":"","ast-banner-title-visibility":"","ast-main-header-display":"","ast-hfb-above-header-display":"","ast-hfb-below-header-display":"","ast-hfb-mobile-header-display":"","site-post-title":"disabled","ast-breadcrumbs-content":"","ast-featured-img":"","footer-sml-layout":"","ast-disable-related-posts":"","theme-transparent-header-meta":"","adv-header-id-meta":"","stick-header-meta":"","header-above-stick-meta":"","header-main-stick-meta":"","header-below-stick-meta":"","astra-migrate-meta-layouts":"default","ast-page-background-enabled":"default","ast-page-background-meta":{"desktop":{"background-color":"var(--ast-global-color-5)","background-image":"","background-repeat":"repeat","background-position":"center center","background-size":"auto","background-attachment":"scroll","background-type":"","background-media":"","overlay-type":"","overlay-color":"","overlay-opacity":"","overlay-gradient":""},"tablet":{"background-color":"","background-image":"","background-repeat":"repeat","background-position":"center center","background-size":"auto","background-attachment":"scroll","background-type":"","background-media":"","overlay-type":"","overlay-color":"","overlay-opacity":"","overlay-gradient":""},"mobile":{"background-color":"","background-image":"","background-repeat":"repeat","background-position":"center center","background-size":"auto","background-attachment":"scroll","background-type":"","background-media":"","overlay-type":"","overlay-color":"","overlay-opacity":"","overlay-gradient":""}},"ast-content-background-meta":{"desktop":{"background-color":"var(--ast-global-color-4)","background-image":"","background-repeat":"repeat","background-position":"center center","background-size":"auto","background-attachment":"scroll","background-type":"","background-media":"","overlay-type":"","overlay-color":"","overlay-opacity":"","overlay-gradient":""},"tablet":{"background-color":"var(--ast-global-color-4)","background-image":"","background-repeat":"repeat","background-position":"center center","background-size":"auto","background-attachment":"scroll","background-type":"","background-media":"","overlay-type":"","overlay-color":"","overlay-opacity":"","overlay-gradient":""},"mobile":{"background-color":"var(--ast-global-color-4)","background-image":"","background-repeat":"repeat","background-position":"center center","background-size":"auto","background-attachment":"scroll","background-type":"","background-media":"","overlay-type":"","overlay-color":"","overlay-opacity":"","overlay-gradient":""}},"footnotes":""},"class_list":["post-194","page","type-page","status-publish","hentry"],"_links":{"self":[{"href":"http:\/\/www.wagnersalvi.com.br\/index.php?rest_route=\/wp\/v2\/pages\/194","targetHints":{"allow":["GET"]}}],"collection":[{"href":"http:\/\/www.wagnersalvi.com.br\/index.php?rest_route=\/wp\/v2\/pages"}],"about":[{"href":"http:\/\/www.wagnersalvi.com.br\/index.php?rest_route=\/wp\/v2\/types\/page"}],"author":[{"embeddable":true,"href":"http:\/\/www.wagnersalvi.com.br\/index.php?rest_route=\/wp\/v2\/users\/1"}],"replies":[{"embeddable":true,"href":"http:\/\/www.wagnersalvi.com.br\/index.php?rest_route=%2Fwp%2Fv2%2Fcomments&post=194"}],"version-history":[{"count":0,"href":"http:\/\/www.wagnersalvi.com.br\/index.php?rest_route=\/wp\/v2\/pages\/194\/revisions"}],"wp:attachment":[{"href":"http:\/\/www.wagnersalvi.com.br\/index.php?rest_route=%2Fwp%2Fv2%2Fmedia&parent=194"}],"curies":[{"name":"wp","href":"https:\/\/api.w.org\/{rel}","templated":true}]}}